{"id":1437,"date":"2021-09-03T10:37:06","date_gmt":"2021-09-03T10:37:06","guid":{"rendered":"http:\/\/dev.coreographix.info\/ctbb\/contacto\/"},"modified":"2024-07-29T11:37:26","modified_gmt":"2024-07-29T11:37:26","slug":"contacte","status":"publish","type":"page","link":"https:\/\/ctbb-futbol.com\/ca\/contacte\/","title":{"rendered":"Contacte"},"content":{"rendered":"<h2>Estem molt a prop teu<\/h2>\n<h1>Contacta amb nosaltres<\/h1>\n<div>\n<h1>Horaris d&#8217;Entrenament<\/h1>\n<div>Aquests s\u00f3n els horaris d&#8217;entrenament habituals. Tamb\u00e9 es poden sol\u00b7licitar horaris especials.<\/div>\n<\/div>\n<ul>\n<li>\n<h3>Dilluns<\/h3>\n<p>Nom\u00e9s amb cita pr\u00e8via<\/p>\n<\/li>\n<li>\n<h3>Dimarts<\/h3>\n<p> De 10:00 a 20:00<\/p>\n<\/li>\n<li>\n<h3>Dimecres<\/h3>\n<p>De 10:00 a 20:00<\/p>\n<\/li>\n<li>\n<h3>Dijous<\/h3>\n<p>de 10:00 a 20:00<\/p>\n<\/li>\n<li>\n<h3>Divendres<\/h3>\n<p>De 10:00 a 22:00<\/p>\n<\/li>\n<li>\n<h3>Dissabtes<\/h3>\n<p>De 9:00 a 13:00<\/p>\n<\/li>\n<li>\n<h3>Diumenges<\/h3>\n<p>De 9:00 a 13:00<\/p>\n<\/li>\n<\/ul>\n<div>\n<p>Contacta&#8217;ns per Whatsapp<\/p>\n<div>\n<h3><a href=\"tel:+34668541620\" style=\"text-decoration:none\"><span uk-icon=\"icon: whatsapp; ratio: 2\" style=\"text-decoration:none\"><\/span> +34 668 54 16 20<\/a><\/h3>\n<p><\/p>\n<hr class=\"uk-margin-large-bottom\">\n<h2 class=\"uk-h5 uk-text-primary\">Vols venir a visitar-nos?<\/h2>\n<p>\nSi vols venir a con\u00e8ixer el nostre espai contacta amb nosaltres i concretem una cita<\/p>\n<\/div>\n<\/div>\n<h1>localitzaci\u00f3<\/h1>\n<div>\n<p>41.3508,2.10102<\/p>\n<h3>CTBB F\u00fatbol<\/h3>\n<div>Carrer del Crom 100, L&#8217;Hospitalet de Llobregat<\/div>\n<\/div>\n<ul>\n<li>\n<h2>Direcci\u00f3<\/h2>\n<div>Carrer del Crom, 100<br \/> L&#8217;Hospitalet de Llobregat <br \/> Barcelona<\/div>\n<\/li>\n<li>\n<h2>Transport<\/h2>\n<div>Metro: Bellvitge<br \/> Bus: M15, L95, LH2 <br \/> Parking: gratu\u00eft<\/div>\n<\/li>\n<li>\n<h2>Contacte<\/h2>\n<div>\n<p>Tel\u00e8fon: <a href=\"tel:+34668541620\">+34 668 54 16 20<\/a><br \/> Correu Electr\u00f2nic: <a href=\"mailto:escuelactbb@gmail.com\">escuelactbb@gmail.com<\/a>\u00a0<\/p>\n<p>\u00a0<\/p>\n<\/div>\n<\/li>\n<li>\n<h2>Social<\/h2>\n<div><a href=\"https:\/\/instagram.com\/ctbbfutbol?igshid=117egr3kmwlmn\" target=\"_blank\">Instagram<\/a> <br \/>\n<a href=\"https:\/\/www.youtube.com\/user\/marceloentrenador\" target=\"_blank\">YouTube<\/a> <br \/> <br \/>\n<a href=\"https:\/\/www.facebook.com\/CTBB-F%C3%9ATBOL-254335067957354\/\" target=\"_blank\">Facebook<\/a><\/div>\n<\/li>\n<\/ul>\n<h2>Coneix als nostres patrocinadors<\/h2>\n<hr>\n<ul>\n<li>\n<p>        <img decoding=\"async\" src=\"\/wp-content\/uploads\/2021\/10\/sponsors-construcciones-septenio.jpg\" alt=\"\"><\/p>\n<h3>sponsors-construcciones-septenio<\/h3>\n<\/li>\n<li>\n<p>        <img decoding=\"async\" src=\"http:\/\/ctbb-futbol.com\/wp-content\/uploads\/2021\/10\/sponsors-caldelaida.jpg\" alt=\"\"><\/p>\n<h3>sponsors<\/h3>\n<\/li>\n<li>\n<p>        <img decoding=\"async\" src=\"\/wp-content\/uploads\/2021\/10\/sponsors.jpg\" alt=\"\"><\/p>\n<h3>sponsors<\/h3>\n<\/li>\n<li>\n<p>        <img decoding=\"async\" src=\"\/wp-content\/uploads\/2021\/10\/sponsors.jpg\" alt=\"\"><\/p>\n<h3>sponsors<\/h3>\n<\/li>\n<\/ul>\n<p><!--more--><br \/>\n<!-- {\"name\":\"Contact\",\"type\":\"layout\",\"children\":[{\"type\":\"section\",\"props\":{\"height\":\"viewport\",\"height_offset_top\":true,\"height_viewport\":80,\"image\":\"wp-content\\\/uploads\\\/photo-1600463405304-085f2ccd6ff8.jpg\",\"image_effect\":\"parallax\",\"image_parallax_bgy\":\"100,-200\",\"image_parallax_easing\":\"1\",\"image_position\":\"center-center\",\"style\":\"default\",\"title_breakpoint\":\"xl\",\"title_position\":\"top-left\",\"title_rotation\":\"left\",\"vertical_align\":\"middle\",\"width\":\"default\"},\"children\":[{\"type\":\"row\",\"children\":[{\"type\":\"column\",\"props\":{\"image_position\":\"center-center\",\"position_sticky_breakpoint\":\"m\"},\"children\":[{\"type\":\"headline\",\"props\":{\"content\":\"Estem molt a prop teu\",\"margin_remove_bottom\":true,\"text_align\":\"center\",\"title_color\":\"primary\",\"title_element\":\"h2\",\"title_style\":\"h3\"}},{\"type\":\"headline\",\"props\":{\"content\":\"Contacta amb nosaltres\",\"margin_remove_top\":true,\"text_align\":\"center\",\"title_element\":\"h1\",\"title_style\":\"heading-xlarge\"}}]}]}]},{\"name\":\"Opening hours\",\"type\":\"section\",\"props\":{\"animation\":\"fade\",\"header_overlay\":\"light\",\"header_transparent\":true,\"header_transparent_text_color\":\"dark\",\"height_viewport\":false,\"image\":\"wp-content\\\/uploads\\\/2021\\\/09\\\/logo-new-white-10.svg\",\"image_effect\":\"parallax\",\"image_parallax_bgx\":\"-170,-170\",\"image_parallax_bgy\":\"170,-180\",\"image_parallax_easing\":\"1\",\"image_position\":\"center-center\",\"media_visibility\":\"m\",\"padding\":\"large\",\"padding_remove_top\":false,\"style\":\"default\",\"title_breakpoint\":\"xl\",\"title_position\":\"top-left\",\"title_rotation\":\"left\",\"vertical_align\":\"middle\",\"width\":\"large\"},\"children\":[{\"type\":\"row\",\"props\":{\"divider\":false,\"layout\":\"1-2,1-2\",\"margin\":\"default\",\"match\":false,\"vertical_align\":true},\"children\":[{\"type\":\"column\",\"props\":{\"image_position\":\"center-center\",\"position_sticky_breakpoint\":\"m\",\"vertical_align\":\"middle\",\"width_large\":\"1-2\"},\"children\":[{\"type\":\"panel\",\"props\":{\"content\":\"Aquests s\\u00f3n els horaris d'entrenament habituals. Tamb\\u00e9 es poden sol\\u00b7licitar horaris especials.\",\"content_column_breakpoint\":\"m\",\"icon_width\":80,\"image_align\":\"top\",\"image_grid_breakpoint\":\"m\",\"image_grid_width\":\"1-2\",\"image_svg_color\":\"emphasis\",\"link_style\":\"default\",\"link_text\":\"Read more\",\"margin\":\"large\",\"maxwidth\":\"large\",\"maxwidth_breakpoint\":\"l\",\"meta_align\":\"below-title\",\"meta_element\":\"div\",\"meta_style\":\"text-meta\",\"text_align\":\"left\",\"text_align_breakpoint\":\"l\",\"text_align_fallback\":\"center\",\"title\":\"Horaris d'Entrenament\",\"title_align\":\"top\",\"title_element\":\"h1\",\"title_grid_breakpoint\":\"m\",\"title_grid_width\":\"1-2\",\"title_hover_style\":\"reset\",\"title_style\":\"heading-small\"}},{\"type\":\"description_list\",\"props\":{\"column_breakpoint\":\"m\",\"layout\":\"grid-2-m\",\"list_element\":\"ul\",\"list_size\":\"large\",\"margin\":\"medium\",\"maxwidth\":\"large\",\"maxwidth_breakpoint\":\"l\",\"meta_align\":\"below-content\",\"meta_style\":\"h6\",\"show_content\":true,\"show_link\":true,\"show_meta\":true,\"show_title\":true,\"text_align\":\"left\",\"text_align_breakpoint\":\"l\",\"text_align_fallback\":\"center\",\"title_element\":\"div\",\"title_grid_breakpoint\":\"s\",\"title_grid_column_gap\":\"small\",\"title_grid_row_gap\":\"small\",\"title_grid_width\":\"medium\",\"title_leader\":false},\"children\":[{\"type\":\"description_list_item\",\"props\":{\"content\":\"\",\"meta\":\"Nom\\u00e9s amb cita pr\\u00e8via\",\"title\":\"Dilluns\"}},{\"type\":\"description_list_item\",\"props\":{\"content\":\"\",\"meta\":\" De 10:00 a 20:00\",\"title\":\"Dimarts\"}},{\"type\":\"description_list_item\",\"props\":{\"content\":\"\",\"meta\":\"De 10:00 a 20:00\",\"title\":\"Dimecres\"}},{\"type\":\"description_list_item\",\"props\":{\"content\":\"\",\"meta\":\"de 10:00 a 20:00\",\"title\":\"Dijous\"}},{\"type\":\"description_list_item\",\"props\":{\"content\":\"\",\"meta\":\"De 10:00 a 22:00\",\"title\":\"Divendres\"}},{\"type\":\"description_list_item\",\"props\":{\"content\":\"\",\"meta\":\"De 9:00 a 13:00\",\"title\":\"Dissabtes\"}},{\"type\":\"description_list_item\",\"props\":{\"content\":\"\",\"meta\":\"De 9:00 a 13:00\",\"title\":\"Diumenges\"}}]}]},{\"type\":\"column\",\"props\":{\"image_position\":\"center-center\",\"position_sticky_breakpoint\":\"m\",\"vertical_align\":\"middle\",\"width_large\":\"1-2\"},\"children\":[{\"type\":\"panel\",\"props\":{\"block_align\":\"right\",\"content\":\"\n\n<h3><a href=\\\"tel:+34668541620\\\" style=\\\"text-decoration:none\\\"><span uk-icon=\\\"icon: whatsapp; ratio: 2\\\" style=\\\"text-decoration:none\\\"><\\\/span> +34 668 54 16 20<\\\/a><\\\/h3>\\n\\n<br \/>\\n\\n\n\n<hr class=\\\"uk-margin-large-bottom\\\">\\n\\n\n\n<h2 class=\\\"uk-h5 uk-text-primary\\\">Vols venir a visitar-nos?<\\\/h2>\\n\n\n<p>\\nSi vols venir a con\\u00e8ixer el nostre espai contacta amb nosaltres i concretem una cita<\\\/p>\",\"content_column_breakpoint\":\"m\",\"icon_width\":80,\"image_align\":\"top\",\"image_grid_breakpoint\":\"m\",\"image_grid_width\":\"1-2\",\"image_svg_color\":\"emphasis\",\"link_style\":\"default\",\"link_text\":\"Read more\",\"margin\":\"default\",\"maxwidth\":\"xlarge\",\"maxwidth_breakpoint\":\"l\",\"meta\":\"Contacta'ns per Whatsapp\",\"meta_align\":\"above-title\",\"meta_element\":\"h2\",\"meta_style\":\"h5\",\"panel_padding\":\"large\",\"panel_style\":\"card-default\",\"text_align\":\"left\",\"text_align_breakpoint\":\"l\",\"text_align_fallback\":\"center\",\"title\":\"\",\"title_align\":\"top\",\"title_element\":\"div\",\"title_grid_breakpoint\":\"m\",\"title_grid_width\":\"1-2\",\"title_hover_style\":\"reset\",\"title_style\":\"heading-small\"}}]}]}]},{\"name\":\"Findus\",\"type\":\"section\",\"props\":{\"animation\":\"fade\",\"image_effect\":\"parallax\",\"image_parallax_bgy\":\"40,-30\",\"image_parallax_breakpoint\":\"m\",\"image_parallax_easing\":\"1\",\"image_position\":\"top-center\",\"media_visibility\":\"l\",\"padding\":\"large\",\"style\":\"default\",\"title_breakpoint\":\"xl\",\"title_position\":\"top-left\",\"title_rotation\":\"left\",\"vertical_align\":\"middle\",\"width\":\"xlarge\"},\"children\":[{\"type\":\"row\",\"props\":{\"match\":false,\"vertical_align\":false},\"children\":[{\"type\":\"column\",\"props\":{\"image_position\":\"center-center\",\"position_sticky_breakpoint\":\"m\",\"width_medium\":\"1-1\"},\"children\":[{\"type\":\"headline\",\"props\":{\"content\":\"localitzaci\\u00f3\",\"title_element\":\"h1\"}},{\"type\":\"map\",\"props\":{\"controls\":false,\"dragging\":false,\"height\":\"490\",\"image_svg_color\":\"emphasis\",\"link_style\":\"default\",\"link_text\":\"Read more\",\"margin\":\"default\",\"max_zoom\":18,\"meta_align\":\"below-title\",\"meta_element\":\"div\",\"meta_style\":\"text-meta\",\"min_zoom\":0,\"poi\":false,\"show_content\":true,\"show_image\":true,\"show_link\":true,\"show_meta\":true,\"show_title\":true,\"styler_gamma\":1.1,\"styler_invert_lightness\":true,\"styler_lightness\":-11,\"styler_saturation\":-100,\"title_element\":\"h3\",\"title_hover_style\":\"reset\",\"type\":\"roadmap\",\"zoom\":\"15\",\"zooming\":false},\"children\":[{\"type\":\"map_item\",\"props\":{\"content\":\"Carrer del Crom 100, L'Hospitalet de Llobregat\",\"hide\":false,\"location\":\"41.3508,2.10102\",\"show_popup\":false,\"title\":\"CTBB F\\u00fatbol\"}}]}]}]},{\"type\":\"row\",\"props\":{\"margin\":\"large\",\"width\":\"large\"},\"children\":[{\"type\":\"column\",\"props\":{\"image_position\":\"center-center\",\"position_sticky_breakpoint\":\"m\",\"width_medium\":\"1-1\"},\"children\":[{\"type\":\"grid\",\"props\":{\"content_column_breakpoint\":\"m\",\"filter_align\":\"left\",\"filter_all\":true,\"filter_grid_breakpoint\":\"m\",\"filter_grid_width\":\"auto\",\"filter_position\":\"top\",\"filter_style\":\"tab\",\"grid_default\":\"1\",\"grid_medium\":\"4\",\"grid_small\":\"2\",\"icon_width\":80,\"image_align\":\"top\",\"image_grid_breakpoint\":\"m\",\"image_grid_width\":\"1-2\",\"image_svg_color\":\"emphasis\",\"item_animation\":true,\"link_style\":\"default\",\"link_text\":\"Read more\",\"margin\":\"\",\"meta_align\":\"below-title\",\"meta_element\":\"div\",\"meta_style\":\"text-meta\",\"parallax_easing\":\"1\",\"show_content\":true,\"show_image\":true,\"show_link\":true,\"show_meta\":true,\"show_title\":true,\"text_align\":\"left\",\"text_align_breakpoint\":\"m\",\"text_align_fallback\":\"center\",\"title_align\":\"top\",\"title_element\":\"h2\",\"title_grid_breakpoint\":\"m\",\"title_grid_width\":\"1-2\",\"title_hover_style\":\"reset\",\"title_style\":\"h4\"},\"children\":[{\"type\":\"grid_item\",\"props\":{\"content\":\"Carrer del Crom, 100<br \/> L'Hospitalet de Llobregat <br \/> Barcelona\",\"title\":\"Direcci\\u00f3\"}},{\"type\":\"grid_item\",\"props\":{\"content\":\"Metro: Bellvitge<br \/> Bus: M15, L95, LH2 <br \/> Parking: gratu\\u00eft\",\"title\":\"Transport\"}},{\"type\":\"grid_item\",\"props\":{\"content\":\"\n\n<p>Tel\\u00e8fon: <a href=\\\"tel:+34668541620\\\">+34 668 54 16 20<\\\/a><br \\\/> Correu Electr\\u00f2nic: <a href=\\\"mailto:escuelactbb@gmail.com\\\">escuelactbb@gmail.com<\\\/a>\\u00a0<\\\/p>\\n\n\n<p>\\u00a0<\\\/p>\\n\\n\\n\",\"title\":\"Contacte\"}},{\"type\":\"grid_item\",\"props\":{\"content\":\"<a href=\\\"https:\\\/\\\/instagram.com\\\/ctbbfutbol?igshid=117egr3kmwlmn\\\" target=\\\"_blank\\\">Instagram<\\\/a> <br \/>\\n<a href=\\\"https:\\\/\\\/www.youtube.com\\\/user\\\/marceloentrenador\\\" target=\\\"_blank\\\">YouTube<\\\/a> <br \/> \\n<a href=\\\"https:\\\/\\\/www.facebook.com\\\/CTBB-F%C3%9ATBOL-254335067957354\\\/\\\" target=\\\"_blank\\\">Facebook<\\\/a>\",\"title\":\"Social\"}}]}]}]}]},{\"name\":\"Partners\",\"type\":\"section\",\"props\":{\"animation\":\"fade\",\"image_position\":\"center-center\",\"overlap\":true,\"padding_remove_bottom\":false,\"style\":\"default\",\"title_breakpoint\":\"xl\",\"title_position\":\"top-left\",\"title_rotation\":\"left\",\"vertical_align\":\"middle\",\"width\":\"small\"},\"children\":[{\"type\":\"row\",\"children\":[{\"type\":\"column\",\"props\":{\"image_position\":\"center-center\",\"position_sticky_breakpoint\":\"m\",\"width_medium\":\"1-1\"},\"children\":[{\"type\":\"headline\",\"props\":{\"content\":\"Coneix als nostres patrocinadors\",\"text_align\":\"center\",\"title_element\":\"h2\",\"title_style\":\"h1\"}},{\"type\":\"divider\",\"props\":{\"divider_align\":\"center\",\"divider_element\":\"hr\",\"divider_style\":\"small\",\"margin\":\"default\"}},{\"type\":\"gallery\",\"props\":{\"filter_align\":\"left\",\"filter_all\":true,\"filter_grid_breakpoint\":\"m\",\"filter_grid_width\":\"auto\",\"filter_position\":\"top\",\"filter_style\":\"tab\",\"grid_column_gap\":\"small\",\"grid_default\":\"2\",\"grid_divider\":true,\"grid_medium\":\"4\",\"grid_small\":\"3\",\"image_orientation\":true,\"item_animation\":true,\"link_style\":\"default\",\"link_text\":\"\",\"margin\":\"medium\",\"meta_align\":\"below-title\",\"meta_element\":\"div\",\"meta_style\":\"text-meta\",\"overlay_hover\":false,\"overlay_link\":true,\"overlay_mode\":\"cover\",\"overlay_padding\":\"small\",\"overlay_position\":\"center\",\"overlay_style\":\"\",\"overlay_transition\":\"fade\",\"parallax_easing\":\"1\",\"show_content\":false,\"show_hover_image\":false,\"show_link\":true,\"show_meta\":false,\"show_title\":false,\"text_align\":\"center\",\"text_align_breakpoint\":\"m\",\"text_align_fallback\":\"center\",\"text_color\":\"light\",\"title_element\":\"h3\",\"title_hover_style\":\"reset\"},\"children\":[{\"type\":\"gallery_item\",\"props\":{\"image\":\"wp-content\\\/uploads\\\/2021\\\/10\\\/sponsors-construcciones-septenio.jpg\",\"title\":\"sponsors-construcciones-septenio\"}},{\"type\":\"gallery_item\",\"props\":{\"image\":\"http:\\\/\\\/ctbb-futbol.com\\\/wp-content\\\/uploads\\\/2021\\\/10\\\/sponsors-caldelaida.jpg\",\"title\":\"sponsors\"}},{\"type\":\"gallery_item\",\"props\":{\"image\":\"wp-content\\\/uploads\\\/2021\\\/10\\\/sponsors.jpg\",\"title\":\"sponsors\"}},{\"type\":\"gallery_item\",\"props\":{\"image\":\"wp-content\\\/uploads\\\/2021\\\/10\\\/sponsors.jpg\",\"title\":\"sponsors\"}}]}]}]}]}],\"version\":\"4.3.13\"} --><\/p>\n","protected":false},"excerpt":{"rendered":"<p>Estem molt a prop teu Contacta amb nosaltres Horaris d&#8217;Entrenament Aquests s\u00f3n els horaris d&#8217;entrenament habituals. Tamb\u00e9 es poden sol\u00b7licitar horaris especials. Dilluns Nom\u00e9s amb cita pr\u00e8via Dimarts De 10:00 a 20:00 Dimecres De 10:00 a 20:00 Dijous de 10:00 a 20:00 Divendres De 10:00 a 22:00 Dissabtes De 9:00 a 13:00 Diumenges De 9:00 [&hellip;]<\/p>\n","protected":false},"author":1,"featured_media":0,"parent":0,"menu_order":0,"comment_status":"closed","ping_status":"closed","template":"","meta":{"_acf_changed":false,"footnotes":""},"class_list":["post-1437","page","type-page","status-publish","hentry"],"acf":[],"yoast_head":"<!-- This site is optimized with the Yoast SEO plugin v27.5 - https:\/\/yoast.com\/product\/yoast-seo-wordpress\/ -->\n<title>Contacte - Centro Tecnificaci\u00f3n Brasile\u00f1o Barcelona<\/title>\n<meta name=\"robots\" content=\"index, follow, max-snippet:-1, max-image-preview:large, max-video-preview:-1\" \/>\n<link rel=\"canonical\" href=\"https:\/\/ctbb-futbol.com\/ca\/contacte\/\" \/>\n<meta property=\"og:locale\" content=\"ca_ES\" \/>\n<meta property=\"og:type\" content=\"article\" \/>\n<meta property=\"og:title\" content=\"Contacte - Centro Tecnificaci\u00f3n Brasile\u00f1o Barcelona\" \/>\n<meta property=\"og:description\" content=\"Estem molt a prop teu Contacta amb nosaltres Horaris d&#8217;Entrenament Aquests s\u00f3n els horaris d&#8217;entrenament habituals. Tamb\u00e9 es poden sol\u00b7licitar horaris especials. Dilluns Nom\u00e9s amb cita pr\u00e8via Dimarts De 10:00 a 20:00 Dimecres De 10:00 a 20:00 Dijous de 10:00 a 20:00 Divendres De 10:00 a 22:00 Dissabtes De 9:00 a 13:00 Diumenges De 9:00 [&hellip;]\" \/>\n<meta property=\"og:url\" content=\"https:\/\/ctbb-futbol.com\/ca\/contacte\/\" \/>\n<meta property=\"og:site_name\" content=\"Centro Tecnificaci\u00f3n Brasile\u00f1o Barcelona\" \/>\n<meta property=\"article:modified_time\" content=\"2024-07-29T11:37:26+00:00\" \/>\n<meta property=\"og:image\" content=\"http:\/\/ctbb-futbol.com\/wp-content\/uploads\/2021\/10\/sponsors-caldelaida.jpg\" \/>\n<meta name=\"twitter:card\" content=\"summary_large_image\" \/>\n<meta name=\"twitter:label1\" content=\"Temps estimat de lectura\" \/>\n\t<meta name=\"twitter:data1\" content=\"1 minut\" \/>\n<script type=\"application\/ld+json\" class=\"yoast-schema-graph\">{\"@context\":\"https:\\\/\\\/schema.org\",\"@graph\":[{\"@type\":\"WebPage\",\"@id\":\"https:\\\/\\\/ctbb-futbol.com\\\/ca\\\/contacte\\\/\",\"url\":\"https:\\\/\\\/ctbb-futbol.com\\\/ca\\\/contacte\\\/\",\"name\":\"Contacte - Centro Tecnificaci\u00f3n Brasile\u00f1o Barcelona\",\"isPartOf\":{\"@id\":\"https:\\\/\\\/ctbb-futbol.com\\\/ca\\\/#website\"},\"primaryImageOfPage\":{\"@id\":\"https:\\\/\\\/ctbb-futbol.com\\\/ca\\\/contacte\\\/#primaryimage\"},\"image\":{\"@id\":\"https:\\\/\\\/ctbb-futbol.com\\\/ca\\\/contacte\\\/#primaryimage\"},\"thumbnailUrl\":\"http:\\\/\\\/ctbb-futbol.com\\\/wp-content\\\/uploads\\\/2021\\\/10\\\/sponsors-caldelaida.jpg\",\"datePublished\":\"2021-09-03T10:37:06+00:00\",\"dateModified\":\"2024-07-29T11:37:26+00:00\",\"breadcrumb\":{\"@id\":\"https:\\\/\\\/ctbb-futbol.com\\\/ca\\\/contacte\\\/#breadcrumb\"},\"inLanguage\":\"ca\",\"potentialAction\":[{\"@type\":\"ReadAction\",\"target\":[\"https:\\\/\\\/ctbb-futbol.com\\\/ca\\\/contacte\\\/\"]}]},{\"@type\":\"ImageObject\",\"inLanguage\":\"ca\",\"@id\":\"https:\\\/\\\/ctbb-futbol.com\\\/ca\\\/contacte\\\/#primaryimage\",\"url\":\"http:\\\/\\\/ctbb-futbol.com\\\/wp-content\\\/uploads\\\/2021\\\/10\\\/sponsors-caldelaida.jpg\",\"contentUrl\":\"http:\\\/\\\/ctbb-futbol.com\\\/wp-content\\\/uploads\\\/2021\\\/10\\\/sponsors-caldelaida.jpg\"},{\"@type\":\"BreadcrumbList\",\"@id\":\"https:\\\/\\\/ctbb-futbol.com\\\/ca\\\/contacte\\\/#breadcrumb\",\"itemListElement\":[{\"@type\":\"ListItem\",\"position\":1,\"name\":\"Home\",\"item\":\"https:\\\/\\\/ctbb-futbol.com\\\/ca\\\/\"},{\"@type\":\"ListItem\",\"position\":2,\"name\":\"Contacte\"}]},{\"@type\":\"WebSite\",\"@id\":\"https:\\\/\\\/ctbb-futbol.com\\\/ca\\\/#website\",\"url\":\"https:\\\/\\\/ctbb-futbol.com\\\/ca\\\/\",\"name\":\"Centro Tecnificaci\u00f3n Brasile\u00f1o Barcelona\",\"description\":\"Escuela de f\u00fatbol en Barcelona\",\"potentialAction\":[{\"@type\":\"SearchAction\",\"target\":{\"@type\":\"EntryPoint\",\"urlTemplate\":\"https:\\\/\\\/ctbb-futbol.com\\\/ca\\\/?s={search_term_string}\"},\"query-input\":{\"@type\":\"PropertyValueSpecification\",\"valueRequired\":true,\"valueName\":\"search_term_string\"}}],\"inLanguage\":\"ca\"}]}<\/script>\n<!-- \/ Yoast SEO plugin. -->","yoast_head_json":{"title":"Contacte - Centro Tecnificaci\u00f3n Brasile\u00f1o Barcelona","robots":{"index":"index","follow":"follow","max-snippet":"max-snippet:-1","max-image-preview":"max-image-preview:large","max-video-preview":"max-video-preview:-1"},"canonical":"https:\/\/ctbb-futbol.com\/ca\/contacte\/","og_locale":"ca_ES","og_type":"article","og_title":"Contacte - Centro Tecnificaci\u00f3n Brasile\u00f1o Barcelona","og_description":"Estem molt a prop teu Contacta amb nosaltres Horaris d&#8217;Entrenament Aquests s\u00f3n els horaris d&#8217;entrenament habituals. Tamb\u00e9 es poden sol\u00b7licitar horaris especials. Dilluns Nom\u00e9s amb cita pr\u00e8via Dimarts De 10:00 a 20:00 Dimecres De 10:00 a 20:00 Dijous de 10:00 a 20:00 Divendres De 10:00 a 22:00 Dissabtes De 9:00 a 13:00 Diumenges De 9:00 [&hellip;]","og_url":"https:\/\/ctbb-futbol.com\/ca\/contacte\/","og_site_name":"Centro Tecnificaci\u00f3n Brasile\u00f1o Barcelona","article_modified_time":"2024-07-29T11:37:26+00:00","og_image":[{"url":"http:\/\/ctbb-futbol.com\/wp-content\/uploads\/2021\/10\/sponsors-caldelaida.jpg","type":"","width":"","height":""}],"twitter_card":"summary_large_image","twitter_misc":{"Temps estimat de lectura":"1 minut"},"schema":{"@context":"https:\/\/schema.org","@graph":[{"@type":"WebPage","@id":"https:\/\/ctbb-futbol.com\/ca\/contacte\/","url":"https:\/\/ctbb-futbol.com\/ca\/contacte\/","name":"Contacte - Centro Tecnificaci\u00f3n Brasile\u00f1o Barcelona","isPartOf":{"@id":"https:\/\/ctbb-futbol.com\/ca\/#website"},"primaryImageOfPage":{"@id":"https:\/\/ctbb-futbol.com\/ca\/contacte\/#primaryimage"},"image":{"@id":"https:\/\/ctbb-futbol.com\/ca\/contacte\/#primaryimage"},"thumbnailUrl":"http:\/\/ctbb-futbol.com\/wp-content\/uploads\/2021\/10\/sponsors-caldelaida.jpg","datePublished":"2021-09-03T10:37:06+00:00","dateModified":"2024-07-29T11:37:26+00:00","breadcrumb":{"@id":"https:\/\/ctbb-futbol.com\/ca\/contacte\/#breadcrumb"},"inLanguage":"ca","potentialAction":[{"@type":"ReadAction","target":["https:\/\/ctbb-futbol.com\/ca\/contacte\/"]}]},{"@type":"ImageObject","inLanguage":"ca","@id":"https:\/\/ctbb-futbol.com\/ca\/contacte\/#primaryimage","url":"http:\/\/ctbb-futbol.com\/wp-content\/uploads\/2021\/10\/sponsors-caldelaida.jpg","contentUrl":"http:\/\/ctbb-futbol.com\/wp-content\/uploads\/2021\/10\/sponsors-caldelaida.jpg"},{"@type":"BreadcrumbList","@id":"https:\/\/ctbb-futbol.com\/ca\/contacte\/#breadcrumb","itemListElement":[{"@type":"ListItem","position":1,"name":"Home","item":"https:\/\/ctbb-futbol.com\/ca\/"},{"@type":"ListItem","position":2,"name":"Contacte"}]},{"@type":"WebSite","@id":"https:\/\/ctbb-futbol.com\/ca\/#website","url":"https:\/\/ctbb-futbol.com\/ca\/","name":"Centro Tecnificaci\u00f3n Brasile\u00f1o Barcelona","description":"Escuela de f\u00fatbol en Barcelona","potentialAction":[{"@type":"SearchAction","target":{"@type":"EntryPoint","urlTemplate":"https:\/\/ctbb-futbol.com\/ca\/?s={search_term_string}"},"query-input":{"@type":"PropertyValueSpecification","valueRequired":true,"valueName":"search_term_string"}}],"inLanguage":"ca"}]}},"_links":{"self":[{"href":"https:\/\/ctbb-futbol.com\/ca\/wp-json\/wp\/v2\/pages\/1437","targetHints":{"allow":["GET"]}}],"collection":[{"href":"https:\/\/ctbb-futbol.com\/ca\/wp-json\/wp\/v2\/pages"}],"about":[{"href":"https:\/\/ctbb-futbol.com\/ca\/wp-json\/wp\/v2\/types\/page"}],"author":[{"embeddable":true,"href":"https:\/\/ctbb-futbol.com\/ca\/wp-json\/wp\/v2\/users\/1"}],"replies":[{"embeddable":true,"href":"https:\/\/ctbb-futbol.com\/ca\/wp-json\/wp\/v2\/comments?post=1437"}],"version-history":[{"count":2,"href":"https:\/\/ctbb-futbol.com\/ca\/wp-json\/wp\/v2\/pages\/1437\/revisions"}],"predecessor-version":[{"id":4308,"href":"https:\/\/ctbb-futbol.com\/ca\/wp-json\/wp\/v2\/pages\/1437\/revisions\/4308"}],"wp:attachment":[{"href":"https:\/\/ctbb-futbol.com\/ca\/wp-json\/wp\/v2\/media?parent=1437"}],"curies":[{"name":"wp","href":"https:\/\/api.w.org\/{rel}","templated":true}]}}