{"id":2296,"date":"2021-11-03T17:51:43","date_gmt":"2021-11-03T17:51:43","guid":{"rendered":"https:\/\/ctbb-futbol.com\/torneos\/"},"modified":"2022-08-09T13:33:31","modified_gmt":"2022-08-09T13:33:31","slug":"tornejos","status":"publish","type":"page","link":"https:\/\/ctbb-futbol.com\/ca\/tornejos\/","title":{"rendered":"Tornejos"},"content":{"rendered":"<div>Futbol Internacional<\/div>\n<h1>Tornejos<\/h1>\n<div>Vine a jugar els millors tornejos de Barcelona i els voltants amb el nostre equip.<\/div>\n<ul>\n<li>\n<p>        <img decoding=\"async\" src=\"\/wp-content\/uploads\/2021\/10\/mic-2022.png\" alt=\"\"><\/p>\n<h3>MIC 2022 Costa Brava<\/h3>\n<p><a href=\"https:\/\/ctbb-futbol.com\/torneos\/mic-2022-costa-brava\/\">Veure torneig<\/a><\/p>\n<\/li>\n<li>\n<p>        <img decoding=\"async\" src=\"\/wp-content\/uploads\/2021\/10\/ctbb-futbol-barcelona-escuela-de-futbol-10.jpeg\" alt=\"\"><\/p>\n<h3>Footvia Internacional 2022 Maresme<\/h3>\n<p><a href=\"\/ca\/tornejos\/footvia-internacional-2022\/\">Veure torneig<\/a><\/p>\n<\/li>\n<\/ul>\n<p><iframe src=\"https:\/\/www.youtube.com\/watch?v=py2VkH3o-vE\"><\/iframe><\/p>\n<h2>Entrevista Marcelo Nery fundador de CTBB Futbol<\/h2>\n<h3>Parlant sobre la participaci\u00f3 en tornejos internacionals de futbol<\/h3>\n<p><!--more--><br \/>\n<!-- {\"name\":\"Torneos List Template\",\"type\":\"layout\",\"children\":[{\"name\":\"Hero\",\"type\":\"section\",\"props\":{\"width\":\"large\",\"padding\":\"xlarge\",\"style\":\"default\",\"media\":\"images\\\/press-header.jpg\",\"media_advanced\":true,\"media_size\":\"cover\",\"media_background\":\"#fff\",\"height_viewport\":false,\"image_size\":\"cover\",\"vertical_align\":\"\",\"title_position\":\"top-left\",\"title_rotation\":\"left\",\"title_breakpoint\":\"xl\",\"image_position\":\"center-center\",\"height\":\"percent\",\"image\":\"wp-content\\\/uploads\\\/photo-1614632537197-38a17061c2bd.jpg\",\"image_effect\":\"parallax\",\"image_width\":\"2560\",\"image_parallax_bgy_end\":\"-70\",\"overlap\":false,\"image_parallax_bgy_start\":\"80\"},\"children\":[{\"name\":\"\",\"type\":\"row\",\"children\":[{\"name\":\"\",\"type\":\"column\",\"props\":{\"image_position\":\"center-center\",\"width_medium\":\"1-1\",\"media_overlay_gradient\":\"\"},\"children\":[{\"name\":\"\",\"type\":\"headline\",\"props\":{\"title_element\":\"div\",\"title_style\":\"h4\",\"title_decoration\":\"line\",\"text_align\":\"left\",\"animation\":\"parallax\",\"content\":\"Futbol Internacional\",\"margin_remove_top\":true,\"parallax_breakpoint\":\"m\",\"parallax_y_start\":\"50\"}},{\"name\":\"\",\"type\":\"headline\",\"props\":{\"title_element\":\"h1\",\"title_style\":\"heading-xlarge\",\"text_align\":\"left\",\"animation\":\"parallax\",\"content\":\"Tornejos\",\"margin_remove_top\":true,\"parallax_breakpoint\":\"m\",\"parallax_y_start\":\"50\"}},{\"name\":\"\",\"type\":\"text\",\"props\":{\"column_breakpoint\":\"m\",\"text_align\":\"left\",\"maxwidth\":\"xlarge\",\"margin\":\"\",\"animation\":\"parallax\",\"content\":\"Vine a jugar els millors tornejos de Barcelona i els voltants amb el nostre equip.\",\"parallax_breakpoint\":\"m\",\"parallax_y_start\":\"50\"}}]}]}]},{\"type\":\"section\",\"props\":{\"style\":\"secondary\",\"width\":\"large\",\"vertical_align\":\"middle\",\"title_position\":\"top-left\",\"title_rotation\":\"left\",\"title_breakpoint\":\"xl\",\"image_position\":\"center-center\"},\"children\":[{\"type\":\"row\",\"children\":[{\"type\":\"column\",\"props\":{\"image_position\":\"center-center\",\"media_overlay_gradient\":\"\"},\"children\":[{\"type\":\"grid\",\"props\":{\"show_title\":true,\"show_meta\":true,\"show_content\":true,\"show_image\":true,\"show_link\":true,\"grid_default\":\"1\",\"grid_medium\":\"2\",\"filter_style\":\"tab\",\"filter_all\":true,\"filter_position\":\"top\",\"filter_align\":\"left\",\"filter_grid_width\":\"auto\",\"filter_grid_breakpoint\":\"m\",\"title_hover_style\":\"reset\",\"title_element\":\"h3\",\"title_align\":\"top\",\"title_grid_width\":\"1-2\",\"title_grid_breakpoint\":\"m\",\"meta_style\":\"meta\",\"meta_align\":\"below-title\",\"meta_element\":\"div\",\"content_column_breakpoint\":\"m\",\"icon_width\":80,\"image_align\":\"top\",\"image_grid_width\":\"1-2\",\"image_grid_breakpoint\":\"m\",\"image_svg_color\":\"emphasis\",\"link_text\":\"Veure torneig\",\"link_style\":\"default\",\"margin\":\"default\",\"item_animation\":true},\"children\":[{\"type\":\"grid_item\",\"props\":{\"title\":\"MIC 2022 Costa Brava\",\"image\":\"wp-content\\\/uploads\\\/2021\\\/10\\\/mic-2022.png\",\"link\":\"torneos\\\/mic-2022-costa-brava\\\/\"}},{\"type\":\"grid_item\",\"props\":{\"title\":\"Footvia Internacional 2022 Maresme\",\"image\":\"wp-content\\\/uploads\\\/2021\\\/10\\\/ctbb-futbol-barcelona-escuela-de-futbol-10.jpeg\",\"link\":\"ca\\\/tornejos\\\/footvia-internacional-2022\\\/\"}}]}]}]}],\"name\":\"Posts\"},{\"type\":\"section\",\"props\":{\"style\":\"default\",\"width\":\"default\",\"vertical_align\":\"middle\",\"title_position\":\"top-left\",\"title_rotation\":\"left\",\"title_breakpoint\":\"xl\",\"image_position\":\"center-center\"},\"children\":[{\"type\":\"row\",\"children\":[{\"type\":\"column\",\"props\":{\"image_position\":\"center-center\",\"media_overlay_gradient\":\"\"},\"children\":[{\"type\":\"video\",\"props\":{\"video_controls\":true,\"margin\":\"default\",\"video\":\"https:\\\/\\\/www.youtube.com\\\/watch?v=py2VkH3o-vE\",\"video_width\":\"1280\",\"video_box_shadow\":\"large\",\"video_box_decoration\":\"primary\",\"video_box_decoration_inverse\":false}},{\"type\":\"headline\",\"props\":{\"title_element\":\"h2\",\"content\":\"Entrevista Marcelo Nery fundador de CTBB Futbol\",\"title_style\":\"h1\",\"margin_remove_bottom\":true}},{\"type\":\"headline\",\"props\":{\"title_element\":\"h3\",\"content\":\"Parlant sobre la participaci\\u00f3 en tornejos internacionals de futbol\",\"title_color\":\"primary\",\"margin_remove_top\":true}}]}]}],\"name\":\"Video entrevista Marcelo\",\"modified\":\"2022-08-09T13:31:00.085Z\"}],\"version\":\"2.6.6\"} --><\/p>\n","protected":false},"excerpt":{"rendered":"<p>Futbol Internacional Tornejos Vine a jugar els millors tornejos de Barcelona i els voltants amb el nostre equip. MIC 2022 Costa Brava Veure torneig Footvia Internacional 2022 Maresme Veure torneig Entrevista Marcelo Nery fundador de CTBB Futbol Parlant sobre la participaci\u00f3 en tornejos internacionals de futbol<\/p>\n","protected":false},"author":1,"featured_media":0,"parent":0,"menu_order":0,"comment_status":"closed","ping_status":"closed","template":"","meta":{"_acf_changed":false,"footnotes":""},"class_list":["post-2296","page","type-page","status-publish","hentry"],"acf":[],"yoast_head":"<!-- This site is optimized with the Yoast SEO plugin v27.5 - https:\/\/yoast.com\/product\/yoast-seo-wordpress\/ -->\n<title>Tornejos - Centro Tecnificaci\u00f3n Brasile\u00f1o Barcelona<\/title>\n<meta name=\"robots\" content=\"index, follow, max-snippet:-1, max-image-preview:large, max-video-preview:-1\" \/>\n<link rel=\"canonical\" href=\"https:\/\/ctbb-futbol.com\/ca\/tornejos\/\" \/>\n<meta property=\"og:locale\" content=\"ca_ES\" \/>\n<meta property=\"og:type\" content=\"article\" \/>\n<meta property=\"og:title\" content=\"Tornejos - Centro Tecnificaci\u00f3n Brasile\u00f1o Barcelona\" \/>\n<meta property=\"og:description\" content=\"Futbol Internacional Tornejos Vine a jugar els millors tornejos de Barcelona i els voltants amb el nostre equip. MIC 2022 Costa Brava Veure torneig Footvia Internacional 2022 Maresme Veure torneig Entrevista Marcelo Nery fundador de CTBB Futbol Parlant sobre la participaci\u00f3 en tornejos internacionals de futbol\" \/>\n<meta property=\"og:url\" content=\"https:\/\/ctbb-futbol.com\/ca\/tornejos\/\" \/>\n<meta property=\"og:site_name\" content=\"Centro Tecnificaci\u00f3n Brasile\u00f1o Barcelona\" \/>\n<meta property=\"article:modified_time\" content=\"2022-08-09T13:33:31+00:00\" \/>\n<meta name=\"twitter:card\" content=\"summary_large_image\" \/>\n<script type=\"application\/ld+json\" class=\"yoast-schema-graph\">{\"@context\":\"https:\\\/\\\/schema.org\",\"@graph\":[{\"@type\":\"WebPage\",\"@id\":\"https:\\\/\\\/ctbb-futbol.com\\\/ca\\\/tornejos\\\/\",\"url\":\"https:\\\/\\\/ctbb-futbol.com\\\/ca\\\/tornejos\\\/\",\"name\":\"Tornejos - Centro Tecnificaci\u00f3n Brasile\u00f1o Barcelona\",\"isPartOf\":{\"@id\":\"https:\\\/\\\/ctbb-futbol.com\\\/ca\\\/#website\"},\"datePublished\":\"2021-11-03T17:51:43+00:00\",\"dateModified\":\"2022-08-09T13:33:31+00:00\",\"breadcrumb\":{\"@id\":\"https:\\\/\\\/ctbb-futbol.com\\\/ca\\\/tornejos\\\/#breadcrumb\"},\"inLanguage\":\"ca\",\"potentialAction\":[{\"@type\":\"ReadAction\",\"target\":[\"https:\\\/\\\/ctbb-futbol.com\\\/ca\\\/tornejos\\\/\"]}]},{\"@type\":\"BreadcrumbList\",\"@id\":\"https:\\\/\\\/ctbb-futbol.com\\\/ca\\\/tornejos\\\/#breadcrumb\",\"itemListElement\":[{\"@type\":\"ListItem\",\"position\":1,\"name\":\"Home\",\"item\":\"https:\\\/\\\/ctbb-futbol.com\\\/ca\\\/\"},{\"@type\":\"ListItem\",\"position\":2,\"name\":\"Tornejos\"}]},{\"@type\":\"WebSite\",\"@id\":\"https:\\\/\\\/ctbb-futbol.com\\\/ca\\\/#website\",\"url\":\"https:\\\/\\\/ctbb-futbol.com\\\/ca\\\/\",\"name\":\"Centro Tecnificaci\u00f3n Brasile\u00f1o Barcelona\",\"description\":\"Escuela de f\u00fatbol en Barcelona\",\"potentialAction\":[{\"@type\":\"SearchAction\",\"target\":{\"@type\":\"EntryPoint\",\"urlTemplate\":\"https:\\\/\\\/ctbb-futbol.com\\\/ca\\\/?s={search_term_string}\"},\"query-input\":{\"@type\":\"PropertyValueSpecification\",\"valueRequired\":true,\"valueName\":\"search_term_string\"}}],\"inLanguage\":\"ca\"}]}<\/script>\n<!-- \/ Yoast SEO plugin. -->","yoast_head_json":{"title":"Tornejos - Centro Tecnificaci\u00f3n Brasile\u00f1o Barcelona","robots":{"index":"index","follow":"follow","max-snippet":"max-snippet:-1","max-image-preview":"max-image-preview:large","max-video-preview":"max-video-preview:-1"},"canonical":"https:\/\/ctbb-futbol.com\/ca\/tornejos\/","og_locale":"ca_ES","og_type":"article","og_title":"Tornejos - Centro Tecnificaci\u00f3n Brasile\u00f1o Barcelona","og_description":"Futbol Internacional Tornejos Vine a jugar els millors tornejos de Barcelona i els voltants amb el nostre equip. MIC 2022 Costa Brava Veure torneig Footvia Internacional 2022 Maresme Veure torneig Entrevista Marcelo Nery fundador de CTBB Futbol Parlant sobre la participaci\u00f3 en tornejos internacionals de futbol","og_url":"https:\/\/ctbb-futbol.com\/ca\/tornejos\/","og_site_name":"Centro Tecnificaci\u00f3n Brasile\u00f1o Barcelona","article_modified_time":"2022-08-09T13:33:31+00:00","twitter_card":"summary_large_image","schema":{"@context":"https:\/\/schema.org","@graph":[{"@type":"WebPage","@id":"https:\/\/ctbb-futbol.com\/ca\/tornejos\/","url":"https:\/\/ctbb-futbol.com\/ca\/tornejos\/","name":"Tornejos - Centro Tecnificaci\u00f3n Brasile\u00f1o Barcelona","isPartOf":{"@id":"https:\/\/ctbb-futbol.com\/ca\/#website"},"datePublished":"2021-11-03T17:51:43+00:00","dateModified":"2022-08-09T13:33:31+00:00","breadcrumb":{"@id":"https:\/\/ctbb-futbol.com\/ca\/tornejos\/#breadcrumb"},"inLanguage":"ca","potentialAction":[{"@type":"ReadAction","target":["https:\/\/ctbb-futbol.com\/ca\/tornejos\/"]}]},{"@type":"BreadcrumbList","@id":"https:\/\/ctbb-futbol.com\/ca\/tornejos\/#breadcrumb","itemListElement":[{"@type":"ListItem","position":1,"name":"Home","item":"https:\/\/ctbb-futbol.com\/ca\/"},{"@type":"ListItem","position":2,"name":"Tornejos"}]},{"@type":"WebSite","@id":"https:\/\/ctbb-futbol.com\/ca\/#website","url":"https:\/\/ctbb-futbol.com\/ca\/","name":"Centro Tecnificaci\u00f3n Brasile\u00f1o Barcelona","description":"Escuela de f\u00fatbol en Barcelona","potentialAction":[{"@type":"SearchAction","target":{"@type":"EntryPoint","urlTemplate":"https:\/\/ctbb-futbol.com\/ca\/?s={search_term_string}"},"query-input":{"@type":"PropertyValueSpecification","valueRequired":true,"valueName":"search_term_string"}}],"inLanguage":"ca"}]}},"_links":{"self":[{"href":"https:\/\/ctbb-futbol.com\/ca\/wp-json\/wp\/v2\/pages\/2296","targetHints":{"allow":["GET"]}}],"collection":[{"href":"https:\/\/ctbb-futbol.com\/ca\/wp-json\/wp\/v2\/pages"}],"about":[{"href":"https:\/\/ctbb-futbol.com\/ca\/wp-json\/wp\/v2\/types\/page"}],"author":[{"embeddable":true,"href":"https:\/\/ctbb-futbol.com\/ca\/wp-json\/wp\/v2\/users\/1"}],"replies":[{"embeddable":true,"href":"https:\/\/ctbb-futbol.com\/ca\/wp-json\/wp\/v2\/comments?post=2296"}],"version-history":[{"count":5,"href":"https:\/\/ctbb-futbol.com\/ca\/wp-json\/wp\/v2\/pages\/2296\/revisions"}],"predecessor-version":[{"id":3409,"href":"https:\/\/ctbb-futbol.com\/ca\/wp-json\/wp\/v2\/pages\/2296\/revisions\/3409"}],"wp:attachment":[{"href":"https:\/\/ctbb-futbol.com\/ca\/wp-json\/wp\/v2\/media?parent=2296"}],"curies":[{"name":"wp","href":"https:\/\/api.w.org\/{rel}","templated":true}]}}