{"id":4262,"date":"2024-07-29T09:40:00","date_gmt":"2024-07-29T09:40:00","guid":{"rendered":"https:\/\/ctbb-futbol.com\/blog\/"},"modified":"2024-07-29T09:47:08","modified_gmt":"2024-07-29T09:47:08","slug":"blog","status":"publish","type":"page","link":"https:\/\/ctbb-futbol.com\/ca\/blog\/","title":{"rendered":"Blog"},"content":{"rendered":"<h1>Noticies CTBB Futbol<\/h1>\n<div>\n<\/div>\n<p><!--more--><br \/>\n<!-- {\"type\":\"layout\",\"children\":[{\"type\":\"section\",\"props\":{\"image_position\":\"center-center\",\"style\":\"default\",\"title_breakpoint\":\"xl\",\"title_position\":\"top-left\",\"title_rotation\":\"left\",\"vertical_align\":\"middle\",\"width\":\"default\"},\"children\":[{\"type\":\"row\",\"children\":[{\"type\":\"column\",\"props\":{\"image_position\":\"center-center\",\"position_sticky_breakpoint\":\"m\"},\"children\":[{\"type\":\"headline\",\"props\":{\"margin_remove_bottom\":true,\"title_element\":\"h4\"},\"source\":{\"query\":{\"name\":\"pages.singlePage\"},\"props\":{\"content\":{\"filters\":{\"search\":\"\"},\"name\":\"title\"}}}},{\"type\":\"headline\",\"props\":{\"content\":\"Noticies CTBB Futbol\",\"margin_remove_top\":true,\"title_color\":\"primary\",\"title_element\":\"h1\",\"title_style\":\"h1\"}},{\"type\":\"grid\",\"props\":{\"content_column_breakpoint\":\"m\",\"filter_align\":\"left\",\"filter_all\":true,\"filter_grid_breakpoint\":\"m\",\"filter_grid_width\":\"auto\",\"filter_position\":\"top\",\"filter_style\":\"tab\",\"grid_default\":\"1\",\"grid_medium\":\"3\",\"icon_width\":80,\"image_align\":\"top\",\"image_grid_breakpoint\":\"m\",\"image_grid_width\":\"1-2\",\"image_link\":true,\"image_svg_color\":\"emphasis\",\"image_transition\":\"scale-up\",\"item_animation\":true,\"link_style\":\"default\",\"link_text\":\"Read more\",\"margin\":\"default\",\"meta_align\":\"below-title\",\"meta_element\":\"div\",\"meta_style\":\"text-meta\",\"show_content\":true,\"show_image\":true,\"show_link\":true,\"show_meta\":true,\"show_title\":true,\"title_align\":\"top\",\"title_element\":\"h3\",\"title_grid_breakpoint\":\"m\",\"title_grid_width\":\"1-2\",\"title_hover_style\":\"reset\"},\"children\":[{\"type\":\"grid_item\",\"props\":{\"link_text\":\"Llegir M\\u00e9s\"},\"source\":{\"query\":{\"name\":\"posts.customPosts\",\"arguments\":{\"terms\":[19],\"category_operator\":\"IN\",\"post_tag_operator\":\"IN\",\"users\":[],\"users_operator\":\"IN\",\"offset\":0,\"limit\":6,\"order\":\"date\",\"order_direction\":\"DESC\"}},\"props\":{\"title\":{\"filters\":{\"search\":\"\"},\"name\":\"title\"},\"meta\":{\"filters\":{\"search\":\"\",\"date\":\"\"},\"name\":\"date\"},\"content\":{\"filters\":{\"search\":\"\"},\"name\":\"excerpt\"},\"image\":{\"filters\":{\"search\":\"\"},\"name\":\"featuredImage.url\"},\"image_alt\":{\"filters\":{\"search\":\"\"},\"name\":\"title\"},\"link\":{\"filters\":{\"search\":\"\"},\"name\":\"link\"}}}}]}]}]},{\"type\":\"row\",\"children\":[{\"type\":\"column\",\"props\":{\"image_position\":\"center-center\",\"position_sticky_breakpoint\":\"m\"},\"children\":[{\"type\":\"pagination\",\"props\":{\"pagination_type\":\"numeric\",\"text_align\":\"center\"}}]}]}]}],\"version\":\"4.3.13\"} --><\/p>\n","protected":false},"excerpt":{"rendered":"<p>Noticies CTBB Futbol<\/p>\n","protected":false},"author":1,"featured_media":0,"parent":0,"menu_order":0,"comment_status":"closed","ping_status":"closed","template":"","meta":{"_acf_changed":false,"footnotes":""},"class_list":["post-4262","page","type-page","status-publish","hentry"],"acf":[],"yoast_head":"<!-- This site is optimized with the Yoast SEO plugin v27.5 - https:\/\/yoast.com\/product\/yoast-seo-wordpress\/ -->\n<title>Blog - Centro Tecnificaci\u00f3n Brasile\u00f1o Barcelona<\/title>\n<meta name=\"robots\" content=\"index, follow, max-snippet:-1, max-image-preview:large, max-video-preview:-1\" \/>\n<link rel=\"canonical\" href=\"https:\/\/ctbb-futbol.com\/ca\/blog\/\" \/>\n<meta property=\"og:locale\" content=\"ca_ES\" \/>\n<meta property=\"og:type\" content=\"article\" \/>\n<meta property=\"og:title\" content=\"Blog - Centro Tecnificaci\u00f3n Brasile\u00f1o Barcelona\" \/>\n<meta property=\"og:description\" content=\"Noticies CTBB Futbol\" \/>\n<meta property=\"og:url\" content=\"https:\/\/ctbb-futbol.com\/ca\/blog\/\" \/>\n<meta property=\"og:site_name\" content=\"Centro Tecnificaci\u00f3n Brasile\u00f1o Barcelona\" \/>\n<meta property=\"article:modified_time\" content=\"2024-07-29T09:47:08+00:00\" \/>\n<meta name=\"twitter:card\" content=\"summary_large_image\" \/>\n<script type=\"application\/ld+json\" class=\"yoast-schema-graph\">{\"@context\":\"https:\\\/\\\/schema.org\",\"@graph\":[{\"@type\":\"WebPage\",\"@id\":\"https:\\\/\\\/ctbb-futbol.com\\\/ca\\\/blog\\\/\",\"url\":\"https:\\\/\\\/ctbb-futbol.com\\\/ca\\\/blog\\\/\",\"name\":\"Blog - Centro Tecnificaci\u00f3n Brasile\u00f1o Barcelona\",\"isPartOf\":{\"@id\":\"https:\\\/\\\/ctbb-futbol.com\\\/ca\\\/#website\"},\"datePublished\":\"2024-07-29T09:40:00+00:00\",\"dateModified\":\"2024-07-29T09:47:08+00:00\",\"breadcrumb\":{\"@id\":\"https:\\\/\\\/ctbb-futbol.com\\\/ca\\\/blog\\\/#breadcrumb\"},\"inLanguage\":\"ca\",\"potentialAction\":[{\"@type\":\"ReadAction\",\"target\":[\"https:\\\/\\\/ctbb-futbol.com\\\/ca\\\/blog\\\/\"]}]},{\"@type\":\"BreadcrumbList\",\"@id\":\"https:\\\/\\\/ctbb-futbol.com\\\/ca\\\/blog\\\/#breadcrumb\",\"itemListElement\":[{\"@type\":\"ListItem\",\"position\":1,\"name\":\"Home\",\"item\":\"https:\\\/\\\/ctbb-futbol.com\\\/ca\\\/\"},{\"@type\":\"ListItem\",\"position\":2,\"name\":\"Blog\"}]},{\"@type\":\"WebSite\",\"@id\":\"https:\\\/\\\/ctbb-futbol.com\\\/ca\\\/#website\",\"url\":\"https:\\\/\\\/ctbb-futbol.com\\\/ca\\\/\",\"name\":\"Centro Tecnificaci\u00f3n Brasile\u00f1o Barcelona\",\"description\":\"Escuela de f\u00fatbol en Barcelona\",\"potentialAction\":[{\"@type\":\"SearchAction\",\"target\":{\"@type\":\"EntryPoint\",\"urlTemplate\":\"https:\\\/\\\/ctbb-futbol.com\\\/ca\\\/?s={search_term_string}\"},\"query-input\":{\"@type\":\"PropertyValueSpecification\",\"valueRequired\":true,\"valueName\":\"search_term_string\"}}],\"inLanguage\":\"ca\"}]}<\/script>\n<!-- \/ Yoast SEO plugin. -->","yoast_head_json":{"title":"Blog - Centro Tecnificaci\u00f3n Brasile\u00f1o Barcelona","robots":{"index":"index","follow":"follow","max-snippet":"max-snippet:-1","max-image-preview":"max-image-preview:large","max-video-preview":"max-video-preview:-1"},"canonical":"https:\/\/ctbb-futbol.com\/ca\/blog\/","og_locale":"ca_ES","og_type":"article","og_title":"Blog - Centro Tecnificaci\u00f3n Brasile\u00f1o Barcelona","og_description":"Noticies CTBB Futbol","og_url":"https:\/\/ctbb-futbol.com\/ca\/blog\/","og_site_name":"Centro Tecnificaci\u00f3n Brasile\u00f1o Barcelona","article_modified_time":"2024-07-29T09:47:08+00:00","twitter_card":"summary_large_image","schema":{"@context":"https:\/\/schema.org","@graph":[{"@type":"WebPage","@id":"https:\/\/ctbb-futbol.com\/ca\/blog\/","url":"https:\/\/ctbb-futbol.com\/ca\/blog\/","name":"Blog - Centro Tecnificaci\u00f3n Brasile\u00f1o Barcelona","isPartOf":{"@id":"https:\/\/ctbb-futbol.com\/ca\/#website"},"datePublished":"2024-07-29T09:40:00+00:00","dateModified":"2024-07-29T09:47:08+00:00","breadcrumb":{"@id":"https:\/\/ctbb-futbol.com\/ca\/blog\/#breadcrumb"},"inLanguage":"ca","potentialAction":[{"@type":"ReadAction","target":["https:\/\/ctbb-futbol.com\/ca\/blog\/"]}]},{"@type":"BreadcrumbList","@id":"https:\/\/ctbb-futbol.com\/ca\/blog\/#breadcrumb","itemListElement":[{"@type":"ListItem","position":1,"name":"Home","item":"https:\/\/ctbb-futbol.com\/ca\/"},{"@type":"ListItem","position":2,"name":"Blog"}]},{"@type":"WebSite","@id":"https:\/\/ctbb-futbol.com\/ca\/#website","url":"https:\/\/ctbb-futbol.com\/ca\/","name":"Centro Tecnificaci\u00f3n Brasile\u00f1o Barcelona","description":"Escuela de f\u00fatbol en Barcelona","potentialAction":[{"@type":"SearchAction","target":{"@type":"EntryPoint","urlTemplate":"https:\/\/ctbb-futbol.com\/ca\/?s={search_term_string}"},"query-input":{"@type":"PropertyValueSpecification","valueRequired":true,"valueName":"search_term_string"}}],"inLanguage":"ca"}]}},"_links":{"self":[{"href":"https:\/\/ctbb-futbol.com\/ca\/wp-json\/wp\/v2\/pages\/4262","targetHints":{"allow":["GET"]}}],"collection":[{"href":"https:\/\/ctbb-futbol.com\/ca\/wp-json\/wp\/v2\/pages"}],"about":[{"href":"https:\/\/ctbb-futbol.com\/ca\/wp-json\/wp\/v2\/types\/page"}],"author":[{"embeddable":true,"href":"https:\/\/ctbb-futbol.com\/ca\/wp-json\/wp\/v2\/users\/1"}],"replies":[{"embeddable":true,"href":"https:\/\/ctbb-futbol.com\/ca\/wp-json\/wp\/v2\/comments?post=4262"}],"version-history":[{"count":2,"href":"https:\/\/ctbb-futbol.com\/ca\/wp-json\/wp\/v2\/pages\/4262\/revisions"}],"predecessor-version":[{"id":4272,"href":"https:\/\/ctbb-futbol.com\/ca\/wp-json\/wp\/v2\/pages\/4262\/revisions\/4272"}],"wp:attachment":[{"href":"https:\/\/ctbb-futbol.com\/ca\/wp-json\/wp\/v2\/media?parent=4262"}],"curies":[{"name":"wp","href":"https:\/\/api.w.org\/{rel}","templated":true}]}}