{"id":2680,"date":"2022-05-16T11:08:25","date_gmt":"2022-05-16T11:08:25","guid":{"rendered":"https:\/\/ctbb-futbol.com\/actividades\/"},"modified":"2022-08-09T13:57:42","modified_gmt":"2022-08-09T13:57:42","slug":"activities","status":"publish","type":"page","link":"https:\/\/ctbb-futbol.com\/en\/activities\/","title":{"rendered":"Activities"},"content":{"rendered":"<div>Special activities in CTBB<\/div>\n<h1>Activities<\/h1>\n<div>\n<p>These are the special activities we have scheduled.<\/p>\n<\/div>\n<p><iframe src=\"https:\/\/www.youtube.com\/watch?v=E4vEyiO6owg\"><\/iframe><\/p>\n<h2>Video about technification CTBB Futbol &#8211; Summer 2022<\/h2>\n<h3>Work in the sand conditional and technical aspects<\/h3>\n<div>\n<\/div>\n<p><!--more--><br \/>\n<!-- {\"name\":\"Programa template\",\"type\":\"layout\",\"children\":[{\"name\":\"Hero\",\"type\":\"section\",\"props\":{\"style\":\"default\",\"width\":\"large\",\"vertical_align\":\"middle\",\"title_position\":\"top-left\",\"title_rotation\":\"left\",\"title_breakpoint\":\"xl\",\"image_position\":\"center-center\",\"height\":\"percent\",\"padding\":\"large\",\"image\":\"wp-content\\\/uploads\\\/2022\\\/05\\\/actividades-sm.jpg\",\"text_color\":\"light\",\"image_size\":\"cover\",\"image_effect\":\"parallax\",\"image_width\":\"2560\",\"overlap\":true,\"image_parallax_breakpoint\":\"m\",\"image_parallax_bgy_start\":\"-120\",\"image_parallax_bgy_end\":\"-250\"},\"children\":[{\"name\":\"\",\"type\":\"row\",\"children\":[{\"name\":\"\",\"type\":\"column\",\"props\":{\"image_position\":\"center-center\",\"media_overlay_gradient\":\"\",\"width_medium\":\"1-1\"},\"children\":[{\"name\":\"\",\"type\":\"headline\",\"props\":{\"title_element\":\"div\",\"title_style\":\"h3\",\"title_color\":\"background\",\"content\":\"Special activities in CTBB\"}},{\"name\":\"\",\"type\":\"headline\",\"props\":{\"title_element\":\"h1\",\"title_style\":\"heading-xlarge\",\"maxwidth\":\"2xlarge\",\"content\":\"Activities\",\"margin_remove_top\":true}},{\"name\":\"\",\"type\":\"text\",\"props\":{\"margin\":\"remove-vertical\",\"column_breakpoint\":\"m\",\"maxwidth\":\"large\",\"content\":\"\n\n<p>These are the special activities we have scheduled.<\\\/p>\"}}]}]}]},{\"type\":\"section\",\"props\":{\"style\":\"muted\",\"width\":\"default\",\"vertical_align\":\"middle\",\"title_position\":\"top-left\",\"title_rotation\":\"left\",\"title_breakpoint\":\"xl\",\"image_position\":\"center-center\"},\"children\":[{\"type\":\"row\",\"children\":[{\"type\":\"column\",\"props\":{\"image_position\":\"center-center\",\"media_overlay_gradient\":\"\"},\"children\":[{\"type\":\"video\",\"props\":{\"video_controls\":true,\"margin\":\"default\",\"video\":\"https:\\\/\\\/www.youtube.com\\\/watch?v=E4vEyiO6owg\",\"video_width\":\"1280\",\"video_box_decoration\":\"primary\"}},{\"type\":\"headline\",\"props\":{\"title_element\":\"h2\",\"content\":\"Video about technification CTBB Futbol - Summer 2022\",\"title_style\":\"h1\",\"margin_remove_bottom\":true}},{\"type\":\"headline\",\"props\":{\"title_element\":\"h3\",\"content\":\"Work in the sand conditional and technical aspects\",\"margin_remove_top\":true,\"title_color\":\"primary\"}}]}]}],\"name\":\"Video ejercicios arena\",\"modified\":\"2022-08-09T13:56:20.684Z\"},{\"type\":\"section\",\"props\":{\"style\":\"default\",\"width\":\"default\",\"vertical_align\":\"middle\",\"title_position\":\"top-left\",\"title_rotation\":\"left\",\"title_breakpoint\":\"xl\",\"image_position\":\"center-center\"},\"children\":[{\"type\":\"row\",\"children\":[{\"type\":\"column\",\"props\":{\"image_position\":\"center-center\",\"media_overlay_gradient\":\"\"},\"children\":[{\"type\":\"grid\",\"props\":{\"show_title\":true,\"show_meta\":true,\"show_content\":true,\"show_image\":true,\"show_link\":true,\"grid_default\":\"1\",\"grid_medium\":\"3\",\"filter_style\":\"tab\",\"filter_all\":true,\"filter_position\":\"top\",\"filter_align\":\"left\",\"filter_grid_width\":\"auto\",\"filter_grid_breakpoint\":\"m\",\"title_hover_style\":\"reset\",\"title_element\":\"h3\",\"title_align\":\"top\",\"title_grid_width\":\"1-2\",\"title_grid_breakpoint\":\"m\",\"meta_style\":\"meta\",\"meta_align\":\"below-title\",\"meta_element\":\"div\",\"content_column_breakpoint\":\"m\",\"icon_width\":80,\"image_align\":\"top\",\"image_grid_width\":\"1-2\",\"image_grid_breakpoint\":\"m\",\"image_svg_color\":\"emphasis\",\"link_text\":\"Read more\",\"link_style\":\"default\",\"margin\":\"default\",\"item_animation\":true},\"children\":[{\"type\":\"grid_item\",\"props\":{\"link_text\":\"View activity\"},\"source\":{\"query\":{\"name\":\"pages.customPages\",\"arguments\":{\"users\":[],\"users_operator\":\"IN\",\"offset\":0,\"limit\":10,\"order\":\"date\",\"order_direction\":\"DESC\"}},\"props\":{\"_condition\":{\"filters\":{\"condition\":\"=\",\"condition_value\":\"true\"},\"name\":\"field.actividad\"},\"title\":{\"filters\":{\"search\":\"\"},\"name\":\"title\"},\"image\":{\"filters\":{\"search\":\"\"},\"name\":\"featuredImage.url\"},\"image_alt\":{\"filters\":{\"search\":\"\"},\"name\":\"title\"},\"link\":{\"filters\":{\"search\":\"\"},\"name\":\"link\"}}}}]}]}]}]}],\"version\":\"2.6.6\"} --><\/p>\n","protected":false},"excerpt":{"rendered":"<p>Special activities in CTBB Activities These are the special activities we have scheduled. Video about technification CTBB Futbol &#8211; Summer 2022 Work in the sand conditional and technical aspects<\/p>\n","protected":false},"author":1,"featured_media":0,"parent":0,"menu_order":0,"comment_status":"closed","ping_status":"closed","template":"","meta":{"_acf_changed":false,"footnotes":""},"class_list":["post-2680","page","type-page","status-publish","hentry"],"acf":[],"yoast_head":"<!-- This site is optimized with the Yoast SEO plugin v27.5 - https:\/\/yoast.com\/product\/yoast-seo-wordpress\/ -->\n<title>Activities - Centro Tecnificaci\u00f3n Brasile\u00f1o Barcelona<\/title>\n<meta name=\"robots\" content=\"index, follow, max-snippet:-1, max-image-preview:large, max-video-preview:-1\" \/>\n<link rel=\"canonical\" href=\"https:\/\/ctbb-futbol.com\/en\/activities\/\" \/>\n<meta property=\"og:locale\" content=\"en_US\" \/>\n<meta property=\"og:type\" content=\"article\" \/>\n<meta property=\"og:title\" content=\"Activities - Centro Tecnificaci\u00f3n Brasile\u00f1o Barcelona\" \/>\n<meta property=\"og:description\" content=\"Special activities in CTBB Activities These are the special activities we have scheduled. Video about technification CTBB Futbol &#8211; Summer 2022 Work in the sand conditional and technical aspects\" \/>\n<meta property=\"og:url\" content=\"https:\/\/ctbb-futbol.com\/en\/activities\/\" \/>\n<meta property=\"og:site_name\" content=\"Centro Tecnificaci\u00f3n Brasile\u00f1o Barcelona\" \/>\n<meta property=\"article:modified_time\" content=\"2022-08-09T13:57:42+00:00\" \/>\n<meta name=\"twitter:card\" content=\"summary_large_image\" \/>\n<script type=\"application\/ld+json\" class=\"yoast-schema-graph\">{\"@context\":\"https:\\\/\\\/schema.org\",\"@graph\":[{\"@type\":\"WebPage\",\"@id\":\"https:\\\/\\\/ctbb-futbol.com\\\/en\\\/activities\\\/\",\"url\":\"https:\\\/\\\/ctbb-futbol.com\\\/en\\\/activities\\\/\",\"name\":\"Activities - Centro Tecnificaci\u00f3n Brasile\u00f1o Barcelona\",\"isPartOf\":{\"@id\":\"https:\\\/\\\/ctbb-futbol.com\\\/en\\\/#website\"},\"datePublished\":\"2022-05-16T11:08:25+00:00\",\"dateModified\":\"2022-08-09T13:57:42+00:00\",\"breadcrumb\":{\"@id\":\"https:\\\/\\\/ctbb-futbol.com\\\/en\\\/activities\\\/#breadcrumb\"},\"inLanguage\":\"en-US\",\"potentialAction\":[{\"@type\":\"ReadAction\",\"target\":[\"https:\\\/\\\/ctbb-futbol.com\\\/en\\\/activities\\\/\"]}]},{\"@type\":\"BreadcrumbList\",\"@id\":\"https:\\\/\\\/ctbb-futbol.com\\\/en\\\/activities\\\/#breadcrumb\",\"itemListElement\":[{\"@type\":\"ListItem\",\"position\":1,\"name\":\"Home\",\"item\":\"https:\\\/\\\/ctbb-futbol.com\\\/en\\\/\"},{\"@type\":\"ListItem\",\"position\":2,\"name\":\"Activities\"}]},{\"@type\":\"WebSite\",\"@id\":\"https:\\\/\\\/ctbb-futbol.com\\\/en\\\/#website\",\"url\":\"https:\\\/\\\/ctbb-futbol.com\\\/en\\\/\",\"name\":\"Centro Tecnificaci\u00f3n Brasile\u00f1o Barcelona\",\"description\":\"Escuela de Tecnificaci\u00f3n f\u00fatbolista \u00b7 Barcelona\",\"potentialAction\":[{\"@type\":\"SearchAction\",\"target\":{\"@type\":\"EntryPoint\",\"urlTemplate\":\"https:\\\/\\\/ctbb-futbol.com\\\/en\\\/?s={search_term_string}\"},\"query-input\":{\"@type\":\"PropertyValueSpecification\",\"valueRequired\":true,\"valueName\":\"search_term_string\"}}],\"inLanguage\":\"en-US\"}]}<\/script>\n<!-- \/ Yoast SEO plugin. -->","yoast_head_json":{"title":"Activities - Centro Tecnificaci\u00f3n Brasile\u00f1o Barcelona","robots":{"index":"index","follow":"follow","max-snippet":"max-snippet:-1","max-image-preview":"max-image-preview:large","max-video-preview":"max-video-preview:-1"},"canonical":"https:\/\/ctbb-futbol.com\/en\/activities\/","og_locale":"en_US","og_type":"article","og_title":"Activities - Centro Tecnificaci\u00f3n Brasile\u00f1o Barcelona","og_description":"Special activities in CTBB Activities These are the special activities we have scheduled. Video about technification CTBB Futbol &#8211; Summer 2022 Work in the sand conditional and technical aspects","og_url":"https:\/\/ctbb-futbol.com\/en\/activities\/","og_site_name":"Centro Tecnificaci\u00f3n Brasile\u00f1o Barcelona","article_modified_time":"2022-08-09T13:57:42+00:00","twitter_card":"summary_large_image","schema":{"@context":"https:\/\/schema.org","@graph":[{"@type":"WebPage","@id":"https:\/\/ctbb-futbol.com\/en\/activities\/","url":"https:\/\/ctbb-futbol.com\/en\/activities\/","name":"Activities - Centro Tecnificaci\u00f3n Brasile\u00f1o Barcelona","isPartOf":{"@id":"https:\/\/ctbb-futbol.com\/en\/#website"},"datePublished":"2022-05-16T11:08:25+00:00","dateModified":"2022-08-09T13:57:42+00:00","breadcrumb":{"@id":"https:\/\/ctbb-futbol.com\/en\/activities\/#breadcrumb"},"inLanguage":"en-US","potentialAction":[{"@type":"ReadAction","target":["https:\/\/ctbb-futbol.com\/en\/activities\/"]}]},{"@type":"BreadcrumbList","@id":"https:\/\/ctbb-futbol.com\/en\/activities\/#breadcrumb","itemListElement":[{"@type":"ListItem","position":1,"name":"Home","item":"https:\/\/ctbb-futbol.com\/en\/"},{"@type":"ListItem","position":2,"name":"Activities"}]},{"@type":"WebSite","@id":"https:\/\/ctbb-futbol.com\/en\/#website","url":"https:\/\/ctbb-futbol.com\/en\/","name":"Centro Tecnificaci\u00f3n Brasile\u00f1o Barcelona","description":"Escuela de Tecnificaci\u00f3n f\u00fatbolista \u00b7 Barcelona","potentialAction":[{"@type":"SearchAction","target":{"@type":"EntryPoint","urlTemplate":"https:\/\/ctbb-futbol.com\/en\/?s={search_term_string}"},"query-input":{"@type":"PropertyValueSpecification","valueRequired":true,"valueName":"search_term_string"}}],"inLanguage":"en-US"}]}},"_links":{"self":[{"href":"https:\/\/ctbb-futbol.com\/en\/wp-json\/wp\/v2\/pages\/2680","targetHints":{"allow":["GET"]}}],"collection":[{"href":"https:\/\/ctbb-futbol.com\/en\/wp-json\/wp\/v2\/pages"}],"about":[{"href":"https:\/\/ctbb-futbol.com\/en\/wp-json\/wp\/v2\/types\/page"}],"author":[{"embeddable":true,"href":"https:\/\/ctbb-futbol.com\/en\/wp-json\/wp\/v2\/users\/1"}],"replies":[{"embeddable":true,"href":"https:\/\/ctbb-futbol.com\/en\/wp-json\/wp\/v2\/comments?post=2680"}],"version-history":[{"count":4,"href":"https:\/\/ctbb-futbol.com\/en\/wp-json\/wp\/v2\/pages\/2680\/revisions"}],"predecessor-version":[{"id":3412,"href":"https:\/\/ctbb-futbol.com\/en\/wp-json\/wp\/v2\/pages\/2680\/revisions\/3412"}],"wp:attachment":[{"href":"https:\/\/ctbb-futbol.com\/en\/wp-json\/wp\/v2\/media?parent=2680"}],"curies":[{"name":"wp","href":"https:\/\/api.w.org\/{rel}","templated":true}]}}